{"id":71355,"date":"2024-11-08T17:18:54","date_gmt":"2024-11-08T16:18:54","guid":{"rendered":"https:\/\/hubx.fr\/?page_id=71355"},"modified":"2025-04-04T16:28:19","modified_gmt":"2025-04-04T14:28:19","slug":"inscription","status":"publish","type":"page","link":"https:\/\/hubx.fr\/index.php\/inscription\/","title":{"rendered":"Inscription"},"content":{"rendered":"<p>[et_pb_section fb_built=\u00a0\u00bb1&Prime; _builder_version=\u00a0\u00bb4.16&Prime; custom_padding=\u00a0\u00bb80px||80px||true|\u00a0\u00bb global_colors_info=\u00a0\u00bb{}\u00a0\u00bb][et_pb_row column_structure=\u00a0\u00bb1_2,1_2&Prime; use_custom_gutter=\u00a0\u00bbon\u00a0\u00bb gutter_width=\u00a0\u00bb2&Prime; make_equal=\u00a0\u00bbon\u00a0\u00bb _builder_version=\u00a0\u00bb4.16&Prime; width_tablet=\u00a0\u00bb90%\u00a0\u00bb width_phone=\u00a0\u00bb90%\u00a0\u00bb width_last_edited=\u00a0\u00bboff|phone\u00a0\u00bb max_width_tablet=\u00a0\u00bb90%\u00a0\u00bb max_width_phone=\u00a0\u00bb90%\u00a0\u00bb max_width_last_edited=\u00a0\u00bboff|tablet\u00a0\u00bb global_colors_info=\u00a0\u00bb{}\u00a0\u00bb][et_pb_column type=\u00a0\u00bb1_2&Prime; _builder_version=\u00a0\u00bb4.16&Prime; global_colors_info=\u00a0\u00bb{}\u00a0\u00bb][et_pb_text _builder_version=\u00a0\u00bb4.27.2&Prime; header_2_font=\u00a0\u00bbPoppins|700||on|||||\u00a0\u00bb header_2_text_color=\u00a0\u00bb#000000&Prime; header_2_font_size=\u00a0\u00bb30px\u00a0\u00bb header_2_line_height=\u00a0\u00bb1.3em\u00a0\u00bb max_width=\u00a0\u00bb468px\u00a0\u00bb max_width_tablet=\u00a0\u00bb100%\u00a0\u00bb max_width_phone=\u00a0\u00bb\u00a0\u00bb max_width_last_edited=\u00a0\u00bbon|tablet\u00a0\u00bb custom_padding=\u00a0\u00bb3px|||||\u00a0\u00bb custom_padding_tablet=\u00a0\u00bb0px||\u00a0\u00bb custom_padding_phone=\u00a0\u00bb0px||\u00a0\u00bb custom_padding_last_edited=\u00a0\u00bbon|desktop\u00a0\u00bb header_2_font_size_tablet=\u00a0\u00bb\u00a0\u00bb header_2_font_size_phone=\u00a0\u00bb25px\u00a0\u00bb header_2_font_size_last_edited=\u00a0\u00bbon|desktop\u00a0\u00bb global_colors_info=\u00a0\u00bb{}\u00a0\u00bb]<\/p>\n<h2>Cr\u00e9ez imm\u00e9diatement votre compte Hubx<\/h2>\n<p>[\/et_pb_text][et_pb_text _builder_version=\u00a0\u00bb4.27.3&Prime; text_font=\u00a0\u00bbRoboto|300|||||||\u00a0\u00bb text_text_color=\u00a0\u00bb#000000&Prime; text_font_size=\u00a0\u00bb15px\u00a0\u00bb text_line_height=\u00a0\u00bb1.8em\u00a0\u00bb max_width=\u00a0\u00bb451px\u00a0\u00bb max_width_tablet=\u00a0\u00bb100%\u00a0\u00bb max_width_phone=\u00a0\u00bb\u00a0\u00bb max_width_last_edited=\u00a0\u00bbon|desktop\u00a0\u00bb custom_margin=\u00a0\u00bb-9px||\u00a0\u00bb global_colors_info=\u00a0\u00bb{}\u00a0\u00bb]<\/p>\n<p>Testez Hubx pendant 15 jours sans engagement !\u00a0<\/p>\n<h4><span style=\"color: #ff0000;\">Note pour les version de test :<\/span><\/h4>\n<p>Votre instance est disponible imm\u00e9diatement et sera automatiquement supprim\u00e9e dans 15 jours.<\/p>\n<p><strong>Cette instance est r\u00e9serv\u00e9e aux tests, ne pas mettre de compte en production. Vous pourrez sauvegarder une configuration pour la reporter ensuite dans votre compte de production.<\/strong><\/p>\n<p>[\/et_pb_text][\/et_pb_column][et_pb_column type=\u00a0\u00bb1_2&Prime; _builder_version=\u00a0\u00bb4.16&Prime; global_colors_info=\u00a0\u00bb{}\u00a0\u00bb][et_pb_code _builder_version=\u00a0\u00bb4.27.4&Prime; _module_preset=\u00a0\u00bbdefault\u00a0\u00bb hover_enabled=\u00a0\u00bb0&Prime; global_colors_info=\u00a0\u00bb{}\u00a0\u00bb sticky_enabled=\u00a0\u00bb0&Prime;]<script type=\"text\/javascript\" src=\"https:\/\/form.jotform.com\/jsform\/250933890005354\"><\/script>[\/et_pb_code][\/et_pb_column][\/et_pb_row][\/et_pb_section]<\/p>\n","protected":false},"excerpt":{"rendered":"<p>Cr\u00e9ez imm\u00e9diatement votre compte HubxTestez Hubx pendant 15 jours sans engagement !\u00a0 Note pour les version de test : Votre instance est disponible imm\u00e9diatement et sera automatiquement supprim\u00e9e dans 15 jours. Cette instance est r\u00e9serv\u00e9e aux tests, ne pas mettre de compte en production. Vous pourrez sauvegarder une configuration pour la reporter ensuite dans votre [&hellip;]<\/p>\n","protected":false},"author":2,"featured_media":0,"parent":0,"menu_order":0,"comment_status":"closed","ping_status":"closed","template":"","meta":{"_et_pb_use_builder":"on","_et_pb_old_content":"","_et_gb_content_width":"","footnotes":""},"class_list":["post-71355","page","type-page","status-publish","hentry"],"_links":{"self":[{"href":"https:\/\/hubx.fr\/index.php\/wp-json\/wp\/v2\/pages\/71355","targetHints":{"allow":["GET"]}}],"collection":[{"href":"https:\/\/hubx.fr\/index.php\/wp-json\/wp\/v2\/pages"}],"about":[{"href":"https:\/\/hubx.fr\/index.php\/wp-json\/wp\/v2\/types\/page"}],"author":[{"embeddable":true,"href":"https:\/\/hubx.fr\/index.php\/wp-json\/wp\/v2\/users\/2"}],"replies":[{"embeddable":true,"href":"https:\/\/hubx.fr\/index.php\/wp-json\/wp\/v2\/comments?post=71355"}],"version-history":[{"count":7,"href":"https:\/\/hubx.fr\/index.php\/wp-json\/wp\/v2\/pages\/71355\/revisions"}],"predecessor-version":[{"id":81421,"href":"https:\/\/hubx.fr\/index.php\/wp-json\/wp\/v2\/pages\/71355\/revisions\/81421"}],"wp:attachment":[{"href":"https:\/\/hubx.fr\/index.php\/wp-json\/wp\/v2\/media?parent=71355"}],"curies":[{"name":"wp","href":"https:\/\/api.w.org\/{rel}","templated":true}]}}