{"id":81412,"date":"2025-03-21T10:49:59","date_gmt":"2025-03-21T09:49:59","guid":{"rendered":"https:\/\/hubx.fr\/?page_id=81412"},"modified":"2025-03-21T10:49:59","modified_gmt":"2025-03-21T09:49:59","slug":"international","status":"publish","type":"page","link":"https:\/\/hubx.fr\/index.php\/international\/","title":{"rendered":"International"},"content":{"rendered":"<p>[et_pb_section fb_built=\u00a0\u00bb1&Prime; theme_builder_area=\u00a0\u00bbpost_content\u00a0\u00bb _builder_version=\u00a0\u00bb4.27.3&Prime; _module_preset=\u00a0\u00bbdefault\u00a0\u00bb][et_pb_row _builder_version=\u00a0\u00bb4.27.3&Prime; _module_preset=\u00a0\u00bbdefault\u00a0\u00bb theme_builder_area=\u00a0\u00bbpost_content\u00a0\u00bb][et_pb_column _builder_version=\u00a0\u00bb4.27.3&Prime; _module_preset=\u00a0\u00bbdefault\u00a0\u00bb type=\u00a0\u00bb4_4&Prime; theme_builder_area=\u00a0\u00bbpost_content\u00a0\u00bb][et_pb_text _builder_version=\u00a0\u00bb4.27.3&Prime; _module_preset=\u00a0\u00bbdefault\u00a0\u00bb theme_builder_area=\u00a0\u00bbpost_content\u00a0\u00bb hover_enabled=\u00a0\u00bb0&Prime; sticky_enabled=\u00a0\u00bb0&Prime;]<\/p>\n<h1 style=\"text-align: center;\">Hubx disponible dans plusieurs pays<\/h1>\n<p>[\/et_pb_text][et_pb_text _builder_version=\u00a0\u00bb4.27.3&Prime; _module_preset=\u00a0\u00bbdefault\u00a0\u00bb theme_builder_area=\u00a0\u00bbpost_content\u00a0\u00bb hover_enabled=\u00a0\u00bb0&Prime; sticky_enabled=\u00a0\u00bb0&Prime;]<\/p>\n<p>La plateforme Hubx est disponible en Italie, Espagne, Belgique, Suisse.\u00a0<\/p>\n<p>Renseignez vous aupr\u00e8s de notre service commercial : T\u00e9l +33 4 22 14 07 08<\/p>\n<p>Vous disposez d&rsquo;une repr\u00e9sentation dans un pays ? Contactez-nous pour distribuer Hubx !<\/p>\n<p>[\/et_pb_text][\/et_pb_column][\/et_pb_row][\/et_pb_section]<\/p>\n","protected":false},"excerpt":{"rendered":"<p>Hubx disponible dans plusieurs paysLa plateforme Hubx est disponible en Italie, Espagne, Belgique, Suisse.\u00a0 Renseignez vous aupr\u00e8s de notre service commercial : T\u00e9l +33 4 22 14 07 08 Vous disposez d&rsquo;une repr\u00e9sentation dans un pays ? Contactez-nous pour distribuer Hubx !<\/p>\n","protected":false},"author":2,"featured_media":0,"parent":0,"menu_order":0,"comment_status":"closed","ping_status":"closed","template":"","meta":{"_et_pb_use_builder":"on","_et_pb_old_content":"","_et_gb_content_width":"","footnotes":""},"class_list":["post-81412","page","type-page","status-publish","hentry"],"_links":{"self":[{"href":"https:\/\/hubx.fr\/index.php\/wp-json\/wp\/v2\/pages\/81412","targetHints":{"allow":["GET"]}}],"collection":[{"href":"https:\/\/hubx.fr\/index.php\/wp-json\/wp\/v2\/pages"}],"about":[{"href":"https:\/\/hubx.fr\/index.php\/wp-json\/wp\/v2\/types\/page"}],"author":[{"embeddable":true,"href":"https:\/\/hubx.fr\/index.php\/wp-json\/wp\/v2\/users\/2"}],"replies":[{"embeddable":true,"href":"https:\/\/hubx.fr\/index.php\/wp-json\/wp\/v2\/comments?post=81412"}],"version-history":[{"count":2,"href":"https:\/\/hubx.fr\/index.php\/wp-json\/wp\/v2\/pages\/81412\/revisions"}],"predecessor-version":[{"id":81414,"href":"https:\/\/hubx.fr\/index.php\/wp-json\/wp\/v2\/pages\/81412\/revisions\/81414"}],"wp:attachment":[{"href":"https:\/\/hubx.fr\/index.php\/wp-json\/wp\/v2\/media?parent=81412"}],"curies":[{"name":"wp","href":"https:\/\/api.w.org\/{rel}","templated":true}]}}