{"id":97,"date":"2024-10-14T19:15:48","date_gmt":"2024-10-14T17:15:48","guid":{"rendered":"https:\/\/hubx.fr\/?page_id=97"},"modified":"2024-11-04T08:36:41","modified_gmt":"2024-11-04T07:36:41","slug":"le4novembre","status":"publish","type":"page","link":"https:\/\/hubx.fr\/index.php\/le4novembre\/","title":{"rendered":"le4novembre"},"content":{"rendered":"<p>[et_pb_section fb_built=\u00a0\u00bb1&Prime; _builder_version=\u00a0\u00bb4.27.0&Prime; _module_preset=\u00a0\u00bbdefault\u00a0\u00bb background_image=\u00a0\u00bbhttps:\/\/hubx.fr\/wp-content\/uploads\/2024\/10\/fond.png\u00a0\u00bb min_height=\u00a0\u00bb800px\u00a0\u00bb global_colors_info=\u00a0\u00bb{}\u00a0\u00bb][et_pb_row column_structure=\u00a0\u00bb1_2,1_2&Prime; _builder_version=\u00a0\u00bb4.27.0&Prime; _module_preset=\u00a0\u00bbdefault\u00a0\u00bb global_colors_info=\u00a0\u00bb{}\u00a0\u00bb][et_pb_column type=\u00a0\u00bb1_2&Prime; _builder_version=\u00a0\u00bb4.27.0&Prime; _module_preset=\u00a0\u00bbdefault\u00a0\u00bb global_colors_info=\u00a0\u00bb{}\u00a0\u00bb][et_pb_text _builder_version=\u00a0\u00bb4.27.0&Prime; _module_preset=\u00a0\u00bbdefault\u00a0\u00bb header_font=\u00a0\u00bbSpace Grotesk|||on|||||\u00a0\u00bb header_text_color=\u00a0\u00bb#FFFFFF\u00a0\u00bb header_font_size=\u00a0\u00bb80px\u00a0\u00bb custom_margin=\u00a0\u00bb|-22px||||\u00a0\u00bb header_text_shadow_style=\u00a0\u00bbpreset1&Prime; global_colors_info=\u00a0\u00bb{}\u00a0\u00bb]<\/p>\n<div>\n<p><b><span data-canva-clipboard=\"ewAiAGEAIgA6ADUALAAiAGgAIgA6ACIAdwB3AHcALgBjAGEAbgB2AGEALgBjAG8AbQAiACwAIgBjACIAOgAiAEQAQQBHAFQAQQBEAGIASwBXAEYATQAiACwAIgBpACIAOgAiAEkAYwBYADMANAA4AFAAVgAzAFkAdQBFAEYAdABOADYASQBpAEUAWgBmAGcAIgAsACIAYgAiADoAMQA3ADIAOAA5ADIANQAyADkAMgA5ADEANAAsACIAQQA\/ACIAOgAiAEIAIgAsACIAQQAiADoAWwB7ACIAQQAiADoAMQA4ADgALgA2ADYANgA2ADYAMAAwADAAMAAwADAAMAAxACwAIgBCACIAOgA4ADYALgA5ADYAMgAzADcANwA4ADQANAAxADkAMAAyADYALAAiAEQAIgA6ADUANQA1AC4AOAA5ADMAMwA0ADgAOQAzADkAMAA0ADEANwAsACIAQwAiADoAMQA5ADUALgA4ADQANgA3ADMANgAwADMANgAzADAANQA2ACwAIgBOACIAOgAiAHQAaQB0AGwAZQAiACwAIgBBAD8AIgA6ACIASwAiACwAIgBhACIAOgB7ACIAQQAiADoAWwB7ACIAQQA\/ACIAOgAiAEEAIgAsACIAQQAiADoAIgBMAGEAIABjAHUAcgBpAG8AcwBpAHQA6QAgAGUAcwB0ACAAcABhAHkAYQBuAHQAZQAgACEAXABuACIAfQBdACwAIgBCACIAOgBbAHsAIgBBAD8AIgA6ACIAQQAiACwAIgBBACIAOgB7ACIAZgBvAG4AdAAtAHcAZQBpAGcAaAB0ACIAOgB7ACIAQgAiADoAIgBiAG8AbABkACIAfQAsACIAYwBvAGwAbwByACIAOgB7ACIAQgAiADoAIgAjAGYAZgBmAGYAZgBmACIAfQAsACIAbABlAGEAZABpAG4AZwAiADoAewAiAEIAIgA6ACIAMQAwADAAMAAuADAAIgB9ACwAIgBmAG8AbgB0AC0AcwBpAHoAZQAiADoAewAiAEIAIgA6ACIANgA2AC4ANgA2ADYANwAiAH0ALAAiAGYAbwBuAHQALQBmAGEAbQBpAGwAeQAiADoAewAiAEIAIgA6ACIAWQBBAEYAZABKAHMAagB5AE0AcwBNACwAMAAiAH0AfQB9ACwAewAiAEEAPwAiADoAIgBCACIALAAiAEEAIgA6ADIANgB9ACwAewAiAEEAPwAiADoAIgBBACIALAAiAEEAIgA6AHsAIgB0AHIAYQBjAGsAaQBuAGcAIgA6AHsAIgBCACIAOgAiADAALgAwACIAfQAsACIAdABlAHgAdAAtAHQAcgBhAG4AcwBmAG8AcgBtACIAOgB7ACIAQgAiADoAIgBuAG8AbgBlACIAfQB9AH0ALAB7ACIAQQA\/ACIAOgAiAEIAIgAsACIAQQAiADoAMQB9ACwAewAiAEEAPwAiADoAIgBBACIALAAiAEEAIgA6AHsAIgB0AHIAYQBjAGsAaQBuAGcAIgA6AHsAfQAsACIAYwBvAGwAbwByACIAOgB7AH0ALAAiAGYAbwBuAHQALQB3AGUAaQBnAGgAdAAiADoAewB9ACwAIgBmAG8AbgB0AC0AZgBhAG0AaQBsAHkAIgA6AHsAfQAsACIAZgBvAG4AdAAtAHMAaQB6AGUAIgA6AHsAfQAsACIAdABlAHgAdAAtAHQAcgBhAG4AcwBmAG8AcgBtACIAOgB7AH0ALAAiAGwAZQBhAGQAaQBuAGcAIgA6AHsAfQB9AH0AXQB9ACwAIgBiACIAOgB7ACIAQQAiADoAWwAxADMALAAxADQAXQB9ACwAIgBkACIAOgAiAEEAIgAsACIAZQAiADoANAAxADIALgA1ADEANQA2ADEANgA2ADUAMAA5ADcAMAAyACwAIgBmACIAOgAxADQANQAuADMAMwAzADMANAAsACIAZwAiADoAZgBhAGwAcwBlACwAIgBoACIAOgAiAEEAIgB9AF0ALAAiAEIAIgA6ADEAMgA4ADAALAAiAEMAIgA6ADgAMAAwAH0A\"><\/span><\/b><\/p>\n<h1><b>Gentel lance Hubx<\/b><\/h1>\n<\/div>\n<p>[\/et_pb_text][et_pb_text _builder_version=\u00a0\u00bb4.27.0&Prime; _module_preset=\u00a0\u00bbdefault\u00a0\u00bb text_font=\u00a0\u00bbSpace Grotesk||||||||\u00a0\u00bb text_text_color=\u00a0\u00bb#FFFFFF\u00a0\u00bb text_font_size=\u00a0\u00bb25px\u00a0\u00bb custom_margin=\u00a0\u00bb6px|||||\u00a0\u00bb global_colors_info=\u00a0\u00bb{}\u00a0\u00bb]<\/p>\n<p>La nouvelle plateforme de t\u00e9l\u00e9communication pour op\u00e9rateurs T\u00e9l\u00e9com<\/p>\n<p>V\u00e9ritable alternative \u00e0 3CX, Yeastar et autres, Hubx se d\u00e9marque par sa solution 100 % fran\u00e7aise !<\/p>\n<p>D\u00e9couvrez l\u00e0 en cliquant ici<\/p>\n<p>&nbsp;<\/p>\n<p>[\/et_pb_text][et_pb_button button_text=\u00a0\u00bbD\u00e9couvrez Hubx\u00a0\u00bb _builder_version=\u00a0\u00bb4.27.2&Prime; _module_preset=\u00a0\u00bbdefault\u00a0\u00bb button_url=\u00a0\u00bb@ET-DC@eyJkeW5hbWljIjp0cnVlLCJjb250ZW50IjoiaG9tZV91cmwiLCJzZXR0aW5ncyI6e319@\u00a0\u00bb _dynamic_attributes=\u00a0\u00bbbutton_url\u00a0\u00bb hover_enabled=\u00a0\u00bb0&Prime; sticky_enabled=\u00a0\u00bb0&Prime;][\/et_pb_button][\/et_pb_column][et_pb_column type=\u00a0\u00bb1_2&Prime; _builder_version=\u00a0\u00bb4.27.0&Prime; _module_preset=\u00a0\u00bbdefault\u00a0\u00bb global_colors_info=\u00a0\u00bb{}\u00a0\u00bb][\/et_pb_column][\/et_pb_row][\/et_pb_section]<\/p>\n","protected":false},"excerpt":{"rendered":"<p>Gentel lance Hubx La nouvelle plateforme de t\u00e9l\u00e9communication pour op\u00e9rateurs T\u00e9l\u00e9com V\u00e9ritable alternative \u00e0 3CX, Yeastar et autres, Hubx se d\u00e9marque par sa solution 100 % fran\u00e7aise ! D\u00e9couvrez l\u00e0 en cliquant ici &nbsp;<\/p>\n","protected":false},"author":2,"featured_media":0,"parent":0,"menu_order":0,"comment_status":"closed","ping_status":"closed","template":"","meta":{"_et_pb_use_builder":"on","_et_pb_old_content":"","_et_gb_content_width":"","footnotes":""},"class_list":["post-97","page","type-page","status-publish","hentry"],"_links":{"self":[{"href":"https:\/\/hubx.fr\/index.php\/wp-json\/wp\/v2\/pages\/97","targetHints":{"allow":["GET"]}}],"collection":[{"href":"https:\/\/hubx.fr\/index.php\/wp-json\/wp\/v2\/pages"}],"about":[{"href":"https:\/\/hubx.fr\/index.php\/wp-json\/wp\/v2\/types\/page"}],"author":[{"embeddable":true,"href":"https:\/\/hubx.fr\/index.php\/wp-json\/wp\/v2\/users\/2"}],"replies":[{"embeddable":true,"href":"https:\/\/hubx.fr\/index.php\/wp-json\/wp\/v2\/comments?post=97"}],"version-history":[{"count":6,"href":"https:\/\/hubx.fr\/index.php\/wp-json\/wp\/v2\/pages\/97\/revisions"}],"predecessor-version":[{"id":71354,"href":"https:\/\/hubx.fr\/index.php\/wp-json\/wp\/v2\/pages\/97\/revisions\/71354"}],"wp:attachment":[{"href":"https:\/\/hubx.fr\/index.php\/wp-json\/wp\/v2\/media?parent=97"}],"curies":[{"name":"wp","href":"https:\/\/api.w.org\/{rel}","templated":true}]}}